{"id":3664,"date":"2021-09-03T13:54:36","date_gmt":"2021-09-03T13:54:36","guid":{"rendered":"https:\/\/outputengenharia.pt\/?page_id=3664"},"modified":"2022-04-13T10:10:36","modified_gmt":"2022-04-13T10:10:36","slug":"rec-encarregado-de-obra","status":"publish","type":"page","link":"https:\/\/outputengenharia.pt\/index.php\/rec-encarregado-de-obra\/","title":{"rendered":"REC-Encarregado de obra"},"content":{"rendered":"\t\t<div data-elementor-type=\"wp-page\" data-elementor-id=\"3664\" class=\"elementor elementor-3664\" data-elementor-post-type=\"page\">\n\t\t\t\t\t\t<section class=\"elementor-section elementor-top-section elementor-element elementor-element-b2aca8f elementor-section-boxed elementor-section-height-default elementor-section-height-default\" data-id=\"b2aca8f\" data-element_type=\"section\" data-e-type=\"section\">\n\t\t\t\t\t\t<div class=\"elementor-container elementor-column-gap-default\">\n\t\t\t\t\t<div class=\"elementor-column elementor-col-100 elementor-top-column elementor-element elementor-element-1e56385\" data-id=\"1e56385\" data-element_type=\"column\" data-e-type=\"column\">\n\t\t\t<div class=\"elementor-widget-wrap elementor-element-populated\">\n\t\t\t\t\t\t<div class=\"elementor-element elementor-element-559ecd7 elementor-widget elementor-widget-heading\" data-id=\"559ecd7\" data-element_type=\"widget\" data-e-type=\"widget\" data-widget_type=\"heading.default\">\n\t\t\t\t<div class=\"elementor-widget-container\">\n\t\t\t\t\t<h2 class=\"elementor-heading-title elementor-size-default\">Encarregado de Obra<\/h2>\t\t\t\t<\/div>\n\t\t\t\t<\/div>\n\t\t\t\t<div class=\"elementor-element elementor-element-f2afa6b elementor-widget elementor-widget-text-editor\" data-id=\"f2afa6b\" data-element_type=\"widget\" data-e-type=\"widget\" data-widget_type=\"text-editor.default\">\n\t\t\t\t<div class=\"elementor-widget-container\">\n\t\t\t\t\t\t\t\t\t<p>Descri\u00e7\u00e3o de Fun\u00e7\u00f5es:<\/p>\n<p><\/p>\n<p>-Analisar e estudar o projeto de execu\u00e7\u00e3o da obra em conjunto com o Diretor de Produ\u00e7\u00e3o;<\/p>\n<p>-Acompanhamento das v\u00e1rias atividades de constru\u00e7\u00e3o, assegurando a qualidade da sua execu\u00e7\u00e3o de acordo com as especifica\u00e7\u00f5es do projeto;<\/p>\n<p>-Apresentar solu\u00e7\u00f5es para eventuais incompatibilidades entre o projeto e a execu\u00e7\u00e3o de obra;<\/p>\n<p>-Gerir os meios utilizados em obra (Recursos humanos, materiais e equipamentos)<\/p>\n<p><\/p>\n<p>Perfil do Candidato:<\/p>\n<p><\/p>\n<p>-Experi\u00eancia profissional m\u00ednima de 5 anos em obras de Constru\u00e7\u00e3o Civil;<\/p>\n<p>-Conhecimentos das v\u00e1rias especialidades da constru\u00e7\u00e3o civil ser\u00e1 crit\u00e9rio diferenciador;<\/p>\n<p>-Capacidade de coordena\u00e7\u00e3o de equipas e gest\u00e3o de conflitos;<\/p>\n<p>-Boa orienta\u00e7\u00e3o para o cliente e resultados;<\/p>\n<p>-Esp\u00edrito de equipa e boa capacidade de comunica\u00e7\u00e3o;<\/p>\n<p>-Boa capacidade de planeamento e organiza\u00e7\u00e3o;<\/p>\n<p>-Resid\u00eancia na zona da grande Lisboa.<\/p>\n<p><\/p>\n<p>Oferece-se:<\/p>\n<p><\/p>\n<p>-Remunera\u00e7\u00e3o e condi\u00e7\u00f5es salariais compat\u00edveis com a fun\u00e7\u00e3o e ajustadas ao desempenho obtido;<\/p>\n<p>-Integra\u00e7\u00e3o num projeto muito ambicioso e com elevado potencial de crescimento;<\/p>\n<p>-Integra\u00e7\u00e3o num grupo empresarial de refer\u00eancia em Portugal.<\/p>\n<p><\/p>\n<p>Observa\u00e7\u00f5es:<\/p>\n<p>-Respostas para rh@outputengenharia.pt com envio de Curriculum Vitae detalhado com a Refer\u00eancia: Encarregado<\/p>\t\t\t\t\t\t\t\t<\/div>\n\t\t\t\t<\/div>\n\t\t\t\t\t<\/div>\n\t\t<\/div>\n\t\t\t\t\t<\/div>\n\t\t<\/section>\n\t\t\t\t<\/div>\n\t\t","protected":false},"excerpt":{"rendered":"<p>Encarregado de Obra Descri\u00e7\u00e3o de Fun\u00e7\u00f5es: -Analisar e estudar o projeto de execu\u00e7\u00e3o da obra em conjunto com o Diretor de Produ\u00e7\u00e3o; -Acompanhamento das v\u00e1rias atividades de constru\u00e7\u00e3o, assegurando a qualidade da sua execu\u00e7\u00e3o de acordo com as especifica\u00e7\u00f5es do projeto; -Apresentar solu\u00e7\u00f5es para eventuais incompatibilidades entre o projeto e a execu\u00e7\u00e3o de obra; -Gerir [&hellip;]<\/p>\n","protected":false},"author":3,"featured_media":0,"parent":0,"menu_order":0,"comment_status":"closed","ping_status":"closed","template":"","meta":{"_monsterinsights_skip_tracking":false,"_monsterinsights_sitenote_active":false,"_monsterinsights_sitenote_note":"","_monsterinsights_sitenote_category":0,"site-sidebar-layout":"no-sidebar","site-content-layout":"page-builder","ast-site-content-layout":"default","site-content-style":"default","site-sidebar-style":"default","ast-global-header-display":"","ast-banner-title-visibility":"","ast-main-header-display":"disabled","ast-hfb-above-header-display":"","ast-hfb-below-header-display":"","ast-hfb-mobile-header-display":"disabled","site-post-title":"disabled","ast-breadcrumbs-content":"disabled","ast-featured-img":"disabled","footer-sml-layout":"disabled","ast-disable-related-posts":"","theme-transparent-header-meta":"default","adv-header-id-meta":"","stick-header-meta":"","header-above-stick-meta":"","header-main-stick-meta":"","header-below-stick-meta":"","astra-migrate-meta-layouts":"default","ast-page-background-enabled":"default","ast-page-background-meta":{"desktop":{"background-color":"","background-image":"","background-repeat":"repeat","background-position":"center center","background-size":"auto","background-attachment":"scroll","background-type":"","background-media":"","overlay-type":"","overlay-color":"","overlay-opacity":"","overlay-gradient":""},"tablet":{"background-color":"","background-image":"","background-repeat":"repeat","background-position":"center center","background-size":"auto","background-attachment":"scroll","background-type":"","background-media":"","overlay-type":"","overlay-color":"","overlay-opacity":"","overlay-gradient":""},"mobile":{"background-color":"","background-image":"","background-repeat":"repeat","background-position":"center center","background-size":"auto","background-attachment":"scroll","background-type":"","background-media":"","overlay-type":"","overlay-color":"","overlay-opacity":"","overlay-gradient":""}},"ast-content-background-meta":{"desktop":{"background-color":"var(--ast-global-color-5)","background-image":"","background-repeat":"repeat","background-position":"center center","background-size":"auto","background-attachment":"scroll","background-type":"","background-media":"","overlay-type":"","overlay-color":"","overlay-opacity":"","overlay-gradient":""},"tablet":{"background-color":"var(--ast-global-color-5)","background-image":"","background-repeat":"repeat","background-position":"center center","background-size":"auto","background-attachment":"scroll","background-type":"","background-media":"","overlay-type":"","overlay-color":"","overlay-opacity":"","overlay-gradient":""},"mobile":{"background-color":"var(--ast-global-color-5)","background-image":"","background-repeat":"repeat","background-position":"center center","background-size":"auto","background-attachment":"scroll","background-type":"","background-media":"","overlay-type":"","overlay-color":"","overlay-opacity":"","overlay-gradient":""}},"footnotes":""},"class_list":["post-3664","page","type-page","status-publish","hentry"],"_links":{"self":[{"href":"https:\/\/outputengenharia.pt\/index.php\/wp-json\/wp\/v2\/pages\/3664","targetHints":{"allow":["GET"]}}],"collection":[{"href":"https:\/\/outputengenharia.pt\/index.php\/wp-json\/wp\/v2\/pages"}],"about":[{"href":"https:\/\/outputengenharia.pt\/index.php\/wp-json\/wp\/v2\/types\/page"}],"author":[{"embeddable":true,"href":"https:\/\/outputengenharia.pt\/index.php\/wp-json\/wp\/v2\/users\/3"}],"replies":[{"embeddable":true,"href":"https:\/\/outputengenharia.pt\/index.php\/wp-json\/wp\/v2\/comments?post=3664"}],"version-history":[{"count":0,"href":"https:\/\/outputengenharia.pt\/index.php\/wp-json\/wp\/v2\/pages\/3664\/revisions"}],"wp:attachment":[{"href":"https:\/\/outputengenharia.pt\/index.php\/wp-json\/wp\/v2\/media?parent=3664"}],"curies":[{"name":"wp","href":"https:\/\/api.w.org\/{rel}","templated":true}]}}